{"id":26,"date":"2024-01-18T08:18:01","date_gmt":"2024-01-18T07:18:01","guid":{"rendered":"https:\/\/estereonuevoamanecer.com\/?page_id=26"},"modified":"2025-09-18T18:19:52","modified_gmt":"2025-09-18T16:19:52","slug":"radio","status":"publish","type":"page","link":"https:\/\/estereonuevoamanecer.com\/","title":{"rendered":"RADIO"},"content":{"rendered":"\t\t<div data-elementor-type=\"wp-page\" data-elementor-id=\"26\" class=\"elementor elementor-26\">\n\t\t\t\t<div class=\"elementor-element elementor-element-fdb5fe3 e-flex e-con-boxed e-con e-parent\" data-id=\"fdb5fe3\" data-element_type=\"container\" data-settings=\"{&quot;content_width&quot;:&quot;boxed&quot;}\" data-core-v316-plus=\"true\">\n\t\t\t\t\t<div class=\"e-con-inner\">\n\t\t<div class=\"elementor-element elementor-element-6ae7666 e-con-full e-flex e-con e-child\" data-id=\"6ae7666\" data-element_type=\"container\" data-settings=\"{&quot;content_width&quot;:&quot;full&quot;}\">\n\t\t\t\t<div class=\"elementor-element elementor-element-0a69d14 elementor-widget elementor-widget-image\" data-id=\"0a69d14\" data-element_type=\"widget\" data-settings=\"{&quot;_animation&quot;:&quot;none&quot;}\" data-widget_type=\"image.default\">\n\t\t\t\t<div class=\"elementor-widget-container\">\n\t\t\t<style>\/*! elementor - v3.19.0 - 29-01-2024 *\/\n.elementor-widget-image{text-align:center}.elementor-widget-image a{display:inline-block}.elementor-widget-image a img[src$=\".svg\"]{width:48px}.elementor-widget-image img{vertical-align:middle;display:inline-block}<\/style>\t\t\t\t\t\t\t\t\t\t<img decoding=\"async\" width=\"325\" height=\"115\" src=\"https:\/\/estereonuevoamanecer.com\/wp-content\/uploads\/2024\/01\/icon-whatsapp.png\" class=\"attachment-large size-large wp-image-63\" alt=\"\" srcset=\"https:\/\/estereonuevoamanecer.com\/wp-content\/uploads\/2024\/01\/icon-whatsapp.png 325w, https:\/\/estereonuevoamanecer.com\/wp-content\/uploads\/2024\/01\/icon-whatsapp-300x106.png 300w\" sizes=\"(max-width: 325px) 100vw, 325px\" \/>\t\t\t\t\t\t\t\t\t\t\t\t\t<\/div>\n\t\t\t\t<\/div>\n\t\t\t\t<\/div>\n\t\t<div class=\"elementor-element elementor-element-01da972 e-con-full e-flex e-con e-child\" data-id=\"01da972\" data-element_type=\"container\" data-settings=\"{&quot;content_width&quot;:&quot;full&quot;}\">\n\t\t\t\t<div class=\"elementor-element elementor-element-4e17d60 elementor-invisible elementor-widget elementor-widget-image\" data-id=\"4e17d60\" data-element_type=\"widget\" data-settings=\"{&quot;_animation&quot;:&quot;slideInDown&quot;}\" data-widget_type=\"image.default\">\n\t\t\t\t<div class=\"elementor-widget-container\">\n\t\t\t\t\t\t\t\t\t\t\t\t\t<img fetchpriority=\"high\" decoding=\"async\" width=\"357\" height=\"149\" src=\"https:\/\/estereonuevoamanecer.com\/wp-content\/uploads\/2024\/01\/Contacto.gif\" class=\"attachment-large size-large wp-image-61\" alt=\"\" \/>\t\t\t\t\t\t\t\t\t\t\t\t\t<\/div>\n\t\t\t\t<\/div>\n\t\t\t\t<\/div>\n\t\t<div class=\"elementor-element elementor-element-aaf8c18 e-con-full e-flex e-con e-child\" data-id=\"aaf8c18\" data-element_type=\"container\" data-settings=\"{&quot;content_width&quot;:&quot;full&quot;}\">\n\t\t\t\t<div class=\"elementor-element elementor-element-4b20a47 elementor-widget elementor-widget-image\" data-id=\"4b20a47\" data-element_type=\"widget\" data-settings=\"{&quot;_animation&quot;:&quot;none&quot;}\" data-widget_type=\"image.default\">\n\t\t\t\t<div class=\"elementor-widget-container\">\n\t\t\t\t\t\t\t\t\t\t\t\t\t<img decoding=\"async\" width=\"325\" height=\"115\" src=\"https:\/\/estereonuevoamanecer.com\/wp-content\/uploads\/2024\/01\/icon-telefono.png\" class=\"attachment-large size-large wp-image-62\" alt=\"\" srcset=\"https:\/\/estereonuevoamanecer.com\/wp-content\/uploads\/2024\/01\/icon-telefono.png 325w, https:\/\/estereonuevoamanecer.com\/wp-content\/uploads\/2024\/01\/icon-telefono-300x106.png 300w\" sizes=\"(max-width: 325px) 100vw, 325px\" \/>\t\t\t\t\t\t\t\t\t\t\t\t\t<\/div>\n\t\t\t\t<\/div>\n\t\t\t\t<\/div>\n\t\t\t\t\t<\/div>\n\t\t\t\t<\/div>\n\t\t<div class=\"elementor-element elementor-element-1a74a8d e-flex e-con-boxed e-con e-parent\" data-id=\"1a74a8d\" data-element_type=\"container\" data-settings=\"{&quot;content_width&quot;:&quot;boxed&quot;}\" data-core-v316-plus=\"true\">\n\t\t\t\t\t<div class=\"e-con-inner\">\n\t\t\t\t<div class=\"elementor-element elementor-element-4887932 elementor-widget elementor-widget-html\" data-id=\"4887932\" data-element_type=\"widget\" data-widget_type=\"html.default\">\n\t\t\t\t<div class=\"elementor-widget-container\">\n\t\t\t<iframe style=\"width: 100%; height: 500px; max- width: 100%; \r\noverflow: hidden; border: none; padding: 0; margin: 0 auto; \r\ndisplay: block;\" src=\"https:\/\/estereonuevoamanecer.com\/AMANECER\/\" marginwidth=\"0\" marginheight=\"0\"><\/iframe>\r\n\r\n\t\t<\/div>\n\t\t\t\t<\/div>\n\t\t\t\t\t<\/div>\n\t\t\t\t<\/div>\n\t\t<div class=\"elementor-element elementor-element-35735d5 e-con-full e-flex e-con e-parent\" data-id=\"35735d5\" data-element_type=\"container\" data-settings=\"{&quot;content_width&quot;:&quot;full&quot;}\" data-core-v316-plus=\"true\">\n\t\t\t\t<div class=\"elementor-element elementor-element-303dc81 elementor-invisible elementor-widget elementor-widget-image\" data-id=\"303dc81\" data-element_type=\"widget\" data-settings=\"{&quot;_animation&quot;:&quot;lightSpeedIn&quot;}\" data-widget_type=\"image.default\">\n\t\t\t\t<div class=\"elementor-widget-container\">\n\t\t\t\t\t\t\t\t\t\t\t\t\t<img loading=\"lazy\" decoding=\"async\" width=\"1280\" height=\"300\" src=\"https:\/\/estereonuevoamanecer.com\/wp-content\/uploads\/2024\/01\/descargar-app.jpg\" class=\"attachment-2048x2048 size-2048x2048 wp-image-68\" alt=\"\" srcset=\"https:\/\/estereonuevoamanecer.com\/wp-content\/uploads\/2024\/01\/descargar-app.jpg 1280w, https:\/\/estereonuevoamanecer.com\/wp-content\/uploads\/2024\/01\/descargar-app-300x70.jpg 300w, https:\/\/estereonuevoamanecer.com\/wp-content\/uploads\/2024\/01\/descargar-app-1024x240.jpg 1024w, https:\/\/estereonuevoamanecer.com\/wp-content\/uploads\/2024\/01\/descargar-app-768x180.jpg 768w\" sizes=\"(max-width: 1280px) 100vw, 1280px\" \/>\t\t\t\t\t\t\t\t\t\t\t\t\t<\/div>\n\t\t\t\t<\/div>\n\t\t\t\t<div class=\"elementor-element elementor-element-7225814 elementor-widget elementor-widget-text-editor\" data-id=\"7225814\" data-element_type=\"widget\" data-widget_type=\"text-editor.default\">\n\t\t\t\t<div class=\"elementor-widget-container\">\n\t\t\t<style>\/*! elementor - v3.19.0 - 29-01-2024 *\/\n.elementor-widget-text-editor.elementor-drop-cap-view-stacked .elementor-drop-cap{background-color:#69727d;color:#fff}.elementor-widget-text-editor.elementor-drop-cap-view-framed .elementor-drop-cap{color:#69727d;border:3px solid;background-color:transparent}.elementor-widget-text-editor:not(.elementor-drop-cap-view-default) .elementor-drop-cap{margin-top:8px}.elementor-widget-text-editor:not(.elementor-drop-cap-view-default) .elementor-drop-cap-letter{width:1em;height:1em}.elementor-widget-text-editor .elementor-drop-cap{float:left;text-align:center;line-height:1;font-size:50px}.elementor-widget-text-editor .elementor-drop-cap-letter{display:inline-block}<\/style>\t\t\t\t<h1><strong>Esc\u00fachanos desde tu smartphone Esta App est\u00e1 disponible para todas las plataformas m\u00f3viles(Android, iOS,\u2026) Tan s\u00f3lo tendr\u00e1s que descargarlo desde la tienda de aplicaciones de tu dispositivo y buscanos con el nombre<\/strong><br \/><strong>ESTEREO NUEVO AMANECER<\/strong><\/h1>\t\t\t\t\t\t<\/div>\n\t\t\t\t<\/div>\n\t\t\t\t<\/div>\n\t\t<div class=\"elementor-element elementor-element-f054846 e-con-full e-flex e-con e-parent\" data-id=\"f054846\" data-element_type=\"container\" data-settings=\"{&quot;content_width&quot;:&quot;full&quot;}\" data-core-v316-plus=\"true\">\n\t\t\t\t<div class=\"elementor-element elementor-element-2c122f4 elementor-widget elementor-widget-image\" data-id=\"2c122f4\" data-element_type=\"widget\" data-widget_type=\"image.default\">\n\t\t\t\t<div class=\"elementor-widget-container\">\n\t\t\t\t\t\t\t\t\t\t\t\t\t<img loading=\"lazy\" decoding=\"async\" width=\"1600\" height=\"235\" src=\"https:\/\/estereonuevoamanecer.com\/wp-content\/uploads\/2024\/01\/WhatsApp-Image-2024-01-30-at-5.04.28-PM.jpeg\" class=\"attachment-2048x2048 size-2048x2048 wp-image-97\" alt=\"\" srcset=\"https:\/\/estereonuevoamanecer.com\/wp-content\/uploads\/2024\/01\/WhatsApp-Image-2024-01-30-at-5.04.28-PM.jpeg 1600w, https:\/\/estereonuevoamanecer.com\/wp-content\/uploads\/2024\/01\/WhatsApp-Image-2024-01-30-at-5.04.28-PM-300x44.jpeg 300w, https:\/\/estereonuevoamanecer.com\/wp-content\/uploads\/2024\/01\/WhatsApp-Image-2024-01-30-at-5.04.28-PM-1024x150.jpeg 1024w, https:\/\/estereonuevoamanecer.com\/wp-content\/uploads\/2024\/01\/WhatsApp-Image-2024-01-30-at-5.04.28-PM-768x113.jpeg 768w, https:\/\/estereonuevoamanecer.com\/wp-content\/uploads\/2024\/01\/WhatsApp-Image-2024-01-30-at-5.04.28-PM-1536x226.jpeg 1536w\" sizes=\"(max-width: 1600px) 100vw, 1600px\" \/>\t\t\t\t\t\t\t\t\t\t\t\t\t<\/div>\n\t\t\t\t<\/div>\n\t\t\t\t<\/div>\n\t\t<div class=\"elementor-element elementor-element-b927173 e-flex e-con-boxed e-con e-parent\" data-id=\"b927173\" data-element_type=\"container\" data-settings=\"{&quot;content_width&quot;:&quot;boxed&quot;}\" data-core-v316-plus=\"true\">\n\t\t\t\t\t<div class=\"e-con-inner\">\n\t\t<div class=\"elementor-element elementor-element-b347379 e-con-full e-flex e-con e-child\" data-id=\"b347379\" data-element_type=\"container\" data-settings=\"{&quot;content_width&quot;:&quot;full&quot;}\">\n\t\t\t\t<div class=\"elementor-element elementor-element-15d2a23 elementor-invisible elementor-widget elementor-widget-image\" data-id=\"15d2a23\" data-element_type=\"widget\" data-settings=\"{&quot;_animation&quot;:&quot;fadeInDown&quot;}\" data-widget_type=\"image.default\">\n\t\t\t\t<div class=\"elementor-widget-container\">\n\t\t\t\t\t\t\t\t\t\t\t\t\t<img loading=\"lazy\" decoding=\"async\" width=\"768\" height=\"768\" src=\"https:\/\/estereonuevoamanecer.com\/wp-content\/uploads\/2024\/01\/Tunein-Radio-1.jpg\" class=\"attachment-large size-large wp-image-92\" alt=\"\" srcset=\"https:\/\/estereonuevoamanecer.com\/wp-content\/uploads\/2024\/01\/Tunein-Radio-1.jpg 768w, https:\/\/estereonuevoamanecer.com\/wp-content\/uploads\/2024\/01\/Tunein-Radio-1-300x300.jpg 300w, https:\/\/estereonuevoamanecer.com\/wp-content\/uploads\/2024\/01\/Tunein-Radio-1-150x150.jpg 150w\" sizes=\"(max-width: 768px) 100vw, 768px\" \/>\t\t\t\t\t\t\t\t\t\t\t\t\t<\/div>\n\t\t\t\t<\/div>\n\t\t\t\t<\/div>\n\t\t<div class=\"elementor-element elementor-element-d8f02af e-con-full e-flex e-con e-child\" data-id=\"d8f02af\" data-element_type=\"container\" data-settings=\"{&quot;content_width&quot;:&quot;full&quot;}\">\n\t\t\t\t<div class=\"elementor-element elementor-element-0407199 elementor-invisible elementor-widget elementor-widget-image\" data-id=\"0407199\" data-element_type=\"widget\" data-settings=\"{&quot;_animation&quot;:&quot;fadeInLeft&quot;}\" data-widget_type=\"image.default\">\n\t\t\t\t<div class=\"elementor-widget-container\">\n\t\t\t\t\t\t\t\t\t\t\t\t\t<img loading=\"lazy\" decoding=\"async\" width=\"768\" height=\"768\" src=\"https:\/\/estereonuevoamanecer.com\/wp-content\/uploads\/2024\/01\/Cast-Live.jpg\" class=\"attachment-large size-large wp-image-91\" alt=\"\" srcset=\"https:\/\/estereonuevoamanecer.com\/wp-content\/uploads\/2024\/01\/Cast-Live.jpg 768w, https:\/\/estereonuevoamanecer.com\/wp-content\/uploads\/2024\/01\/Cast-Live-300x300.jpg 300w, https:\/\/estereonuevoamanecer.com\/wp-content\/uploads\/2024\/01\/Cast-Live-150x150.jpg 150w\" sizes=\"(max-width: 768px) 100vw, 768px\" \/>\t\t\t\t\t\t\t\t\t\t\t\t\t<\/div>\n\t\t\t\t<\/div>\n\t\t\t\t<\/div>\n\t\t<div class=\"elementor-element elementor-element-b8c4e0c e-con-full e-flex e-con e-child\" data-id=\"b8c4e0c\" data-element_type=\"container\" data-settings=\"{&quot;content_width&quot;:&quot;full&quot;}\">\n\t\t\t\t<div class=\"elementor-element elementor-element-9615345 elementor-invisible elementor-widget elementor-widget-image\" data-id=\"9615345\" data-element_type=\"widget\" data-settings=\"{&quot;_animation&quot;:&quot;fadeInUp&quot;}\" data-widget_type=\"image.default\">\n\t\t\t\t<div class=\"elementor-widget-container\">\n\t\t\t\t\t\t\t\t\t\t\t\t\t<img loading=\"lazy\" decoding=\"async\" width=\"768\" height=\"768\" src=\"https:\/\/estereonuevoamanecer.com\/wp-content\/uploads\/2024\/01\/Tuner-Fm-1.jpg\" class=\"attachment-large size-large wp-image-93\" alt=\"\" srcset=\"https:\/\/estereonuevoamanecer.com\/wp-content\/uploads\/2024\/01\/Tuner-Fm-1.jpg 768w, https:\/\/estereonuevoamanecer.com\/wp-content\/uploads\/2024\/01\/Tuner-Fm-1-300x300.jpg 300w, https:\/\/estereonuevoamanecer.com\/wp-content\/uploads\/2024\/01\/Tuner-Fm-1-150x150.jpg 150w\" sizes=\"(max-width: 768px) 100vw, 768px\" \/>\t\t\t\t\t\t\t\t\t\t\t\t\t<\/div>\n\t\t\t\t<\/div>\n\t\t\t\t<\/div>\n\t\t\t\t\t<\/div>\n\t\t\t\t<\/div>\n\t\t<div class=\"elementor-element elementor-element-af45266 e-con-full e-flex e-con e-parent\" data-id=\"af45266\" data-element_type=\"container\" data-settings=\"{&quot;content_width&quot;:&quot;full&quot;}\" data-core-v316-plus=\"true\">\n\t\t\t\t<div class=\"elementor-element elementor-element-82f7489 elementor-widget__width-initial elementor-invisible elementor-widget elementor-widget-image\" data-id=\"82f7489\" data-element_type=\"widget\" data-settings=\"{&quot;_animation&quot;:&quot;rotateInUpRight&quot;}\" data-widget_type=\"image.default\">\n\t\t\t\t<div class=\"elementor-widget-container\">\n\t\t\t\t\t\t\t\t\t\t\t\t\t<img decoding=\"async\" src=\"https:\/\/estereonuevoamanecer.com\/wp-content\/uploads\/2024\/01\/deja-tu-comentario.png\" title=\"deja tu comentario\" alt=\"deja tu comentario\" loading=\"lazy\" \/>\t\t\t\t\t\t\t\t\t\t\t\t\t<\/div>\n\t\t\t\t<\/div>\n\t\t\t\t<div class=\"elementor-element elementor-element-a2bb912 elementor-widget elementor-widget-html\" data-id=\"a2bb912\" data-element_type=\"widget\" data-widget_type=\"html.default\">\n\t\t\t\t<div class=\"elementor-widget-container\">\n\t\t\t<p><iframe src=\"https:\/\/www6.cbox.ws\/box\/?boxid=824918&amp;boxtag=ayM7hL\" width=\"100%\" height=\"450\" allowtransparency=\"yes\" allow=\"autoplay\" frameborder=\"0\" marginheight=\"0\" marginwidth=\"0\" scrolling=\"auto\"><\/iframe><\/p>\r\n\t\t<\/div>\n\t\t\t\t<\/div>\n\t\t\t\t<\/div>\n\t\t\t\t<\/div>\n\t\t","protected":false},"excerpt":{"rendered":"<p>Esc\u00fachanos desde tu smartphone Esta App est\u00e1 disponible para todas las plataformas m\u00f3viles(Android, iOS,\u2026) Tan s\u00f3lo tendr\u00e1s que descargarlo desde la tienda de aplicaciones de tu dispositivo y buscanos con el nombreESTEREO NUEVO AMANECER<\/p>\n","protected":false},"author":1,"featured_media":0,"parent":0,"menu_order":0,"comment_status":"closed","ping_status":"closed","template":"","meta":{"footnotes":""},"_links":{"self":[{"href":"https:\/\/estereonuevoamanecer.com\/index.php\/wp-json\/wp\/v2\/pages\/26"}],"collection":[{"href":"https:\/\/estereonuevoamanecer.com\/index.php\/wp-json\/wp\/v2\/pages"}],"about":[{"href":"https:\/\/estereonuevoamanecer.com\/index.php\/wp-json\/wp\/v2\/types\/page"}],"author":[{"embeddable":true,"href":"https:\/\/estereonuevoamanecer.com\/index.php\/wp-json\/wp\/v2\/users\/1"}],"replies":[{"embeddable":true,"href":"https:\/\/estereonuevoamanecer.com\/index.php\/wp-json\/wp\/v2\/comments?post=26"}],"version-history":[{"count":67,"href":"https:\/\/estereonuevoamanecer.com\/index.php\/wp-json\/wp\/v2\/pages\/26\/revisions"}],"predecessor-version":[{"id":133,"href":"https:\/\/estereonuevoamanecer.com\/index.php\/wp-json\/wp\/v2\/pages\/26\/revisions\/133"}],"wp:attachment":[{"href":"https:\/\/estereonuevoamanecer.com\/index.php\/wp-json\/wp\/v2\/media?parent=26"}],"curies":[{"name":"wp","href":"https:\/\/api.w.org\/{rel}","templated":true}]}}